{"id":7360,"date":"2024-05-08T10:02:19","date_gmt":"2024-05-08T10:02:19","guid":{"rendered":"https:\/\/bizy.lv\/majas-lapas-paraugs\/"},"modified":"2024-05-15T12:47:50","modified_gmt":"2024-05-15T12:47:50","slug":"majas-lapas-paraugs","status":"publish","type":"page","link":"https:\/\/bizy.lv\/lv\/","title":{"rendered":"M\u0101jas lapas paraugs"},"content":{"rendered":"\t\t<div data-elementor-type=\"wp-page\" data-elementor-id=\"7360\" class=\"elementor elementor-7360 elementor-5\">\n\t\t\t\t<div class=\"elementor-element elementor-element-d5366de e-flex e-con-boxed e-con e-parent\" data-id=\"d5366de\" data-element_type=\"container\">\n\t\t\t\t\t<div class=\"e-con-inner\">\n\t\t\t\t<div class=\"elementor-element elementor-element-82bf79c elementor-widget elementor-widget-ts-products\" data-id=\"82bf79c\" data-element_type=\"widget\" data-widget_type=\"ts-products.default\">\n\t\t\t\t<div class=\"elementor-widget-container\">\n\t\t\t\t\t\t\t<div class=\"ts-product-wrapper ts-shortcode ts-product woocommerce columns-5 best_selling grid border-default\" style=\"--ts-columns: 5\" >\n\t\t\n\t\t\t\t\t\t<header class=\"shortcode-heading-wrapper\">\n\t\t\t\t<h3 class=\"shortcode-title\">Best sellers<\/h3>\n\t\t\t<\/header>\n\t\t\t\t\t\t\t\n\t\t\t<div class=\"content-wrapper \">\n\t\t\t\n\t\t\t\t<div class=\"products\">\r\n\r\n<section class=\"product type-product post-7382 status-publish first instock product_cat-sejas product_cat-tirisanas-lidzekli has-post-thumbnail shipping-taxable purchasable product-type-simple\" data-product_id=\"7382\">\r\n\t<div class=\"product-wrapper\">\r\n\t\t\t\r\n\t\t<div class=\"thumbnail-wrapper\">\r\n\t\t\t<a href=\"https:\/\/bizy.lv\/lv\/product\/nomierinoss-zema-ph-putojoss-tirisanas-lidzeklis\/\">\r\n\t\t\t\t<figure class=\"no-back-image\"><img fetchpriority=\"high\" decoding=\"async\" src=\"https:\/\/bizy.lv\/wp-content\/themes\/ecomall\/images\/prod_loading.gif\" data-src=\"https:\/\/bizy.lv\/wp-content\/uploads\/2024\/05\/imgonline-com-ua-dexifDLLYP9byasSW-300x300.jpg\" class=\"attachment-shop_catalog wp-post-image ts-lazy-load\" alt=\"\" width=\"300\" height=\"300\" \/><\/figure>\t\t\t<\/a>\r\n\t\t\t\t\t<div class=\"product-label on-thumbnail\">\n\t\t<\/div>\n\t<div class=\"product-group-button\"><div class=\"button-in quickshop\"><a class=\"quickshop\" href=\"#\" data-product_id=\"7382\"><span class=\"ts-tooltip button-tooltip\">\u0100trs skats<\/span><\/a><\/div><div class=\"loop-add-to-cart\"><a href=\"?add-to-cart=7382\" data-quantity=\"1\" class=\"button product_type_simple add_to_cart_button ajax_add_to_cart\" data-product_id=\"7382\" data-product_sku=\"\" aria-label=\"Add to cart: &ldquo;Nomierino\u0161s zema pH putojo\u0161s t\u012br\u012b\u0161anas l\u012bdzeklis&rdquo;\" aria-describedby=\"\" rel=\"nofollow\"><span class=\"ts-tooltip button-tooltip\">Add to cart<\/span><\/a><\/div><\/div>\t\t<\/div>\r\n\t\t<div class=\"meta-wrapper\">\r\n\t\t\t<div class=\"product-categories\"><span>Kategorijas:  <\/span><a href=\"https:\/\/bizy.lv\/lv\/product-category\/sejas\/\" rel=\"tag\">sejas<\/a>, <a href=\"https:\/\/bizy.lv\/lv\/product-category\/sejas\/tirisanas-lidzekli\/\" rel=\"tag\">t\u012br\u012b\u0161anas l\u012bdzek\u013ci<\/a><\/div><h3 class=\"heading-title product-name\"><a href=\"https:\/\/bizy.lv\/lv\/product\/nomierinoss-zema-ph-putojoss-tirisanas-lidzeklis\/\">Nomierino\u0161s zema pH putojo\u0161s t\u012br\u012b\u0161anas l\u012bdzeklis<\/a><\/h3><div class=\"product-brands\"><a href=\"https:\/\/bizy.lv\/lv\/product-brand\/pyunkang-yul-lv\/\" rel=\"tag\">Pyunkang Yul<\/a><\/div>\n\t<span class=\"price\"><span class=\"woocommerce-Price-amount amount\"><bdi>13,40&nbsp;<span class=\"woocommerce-Price-currencySymbol\">&euro;<\/span><\/bdi><\/span><\/span>\n<div class=\"product-group-button-meta\"><div class=\"loop-add-to-cart\"><a href=\"?add-to-cart=7382\" data-quantity=\"1\" class=\"button product_type_simple add_to_cart_button ajax_add_to_cart\" data-product_id=\"7382\" data-product_sku=\"\" aria-label=\"Add to cart: &ldquo;Nomierino\u0161s zema pH putojo\u0161s t\u012br\u012b\u0161anas l\u012bdzeklis&rdquo;\" aria-describedby=\"\" rel=\"nofollow\"><span class=\"ts-tooltip button-tooltip\">Add to cart<\/span><\/a><\/div><\/div>\t\t<\/div>\r\n\t<\/div>\r\n<\/section><\/div>\t\t\t\t\n\t\t\t<\/div>\n\t\t\t\n\t\t\t\t\t\t\n\t\t<\/div>\n\t\t\t\t\t\t<\/div>\n\t\t\t\t<\/div>\n\t\t\t\t\t<\/div>\n\t\t\t\t<\/div>\n\t\t<div class=\"elementor-element elementor-element-689dd6f e-flex e-con-boxed e-con e-parent\" data-id=\"689dd6f\" data-element_type=\"container\">\n\t\t\t\t\t<div class=\"e-con-inner\">\n\t\t\t\t\t<\/div>\n\t\t\t\t<\/div>\n\t\t\t\t<\/div>\n\t\t","protected":false},"excerpt":{"rendered":"<p>Best sellers Quick ViewAdd to cart Categories: cleansers, face Calming Low pH Foaming Cleanser Pyunkang Yul &#36;18.00 Add to cart<\/p>\n","protected":false},"author":1,"featured_media":0,"parent":0,"menu_order":0,"comment_status":"closed","ping_status":"closed","template":"","meta":{"footnotes":""},"jetpack_sharing_enabled":true,"_links":{"self":[{"href":"https:\/\/bizy.lv\/lv\/wp-json\/wp\/v2\/pages\/7360"}],"collection":[{"href":"https:\/\/bizy.lv\/lv\/wp-json\/wp\/v2\/pages"}],"about":[{"href":"https:\/\/bizy.lv\/lv\/wp-json\/wp\/v2\/types\/page"}],"author":[{"embeddable":true,"href":"https:\/\/bizy.lv\/lv\/wp-json\/wp\/v2\/users\/1"}],"replies":[{"embeddable":true,"href":"https:\/\/bizy.lv\/lv\/wp-json\/wp\/v2\/comments?post=7360"}],"version-history":[{"count":2,"href":"https:\/\/bizy.lv\/lv\/wp-json\/wp\/v2\/pages\/7360\/revisions"}],"predecessor-version":[{"id":7367,"href":"https:\/\/bizy.lv\/lv\/wp-json\/wp\/v2\/pages\/7360\/revisions\/7367"}],"wp:attachment":[{"href":"https:\/\/bizy.lv\/lv\/wp-json\/wp\/v2\/media?parent=7360"}],"curies":[{"name":"wp","href":"https:\/\/api.w.org\/{rel}","templated":true}]}}