{"id":7362,"date":"2024-05-15T10:10:09","date_gmt":"2024-05-15T10:10:09","guid":{"rendered":"https:\/\/bizy.lv\/grozs\/"},"modified":"2024-05-15T12:48:17","modified_gmt":"2024-05-15T12:48:17","slug":"grozs","status":"publish","type":"page","link":"https:\/\/bizy.lv\/lv\/grozs\/","title":{"rendered":"Grozs"},"content":{"rendered":"<div data-block-name=\"woocommerce\/cart\" class=\"wp-block-woocommerce-cart alignwide is-loading\"><div data-block-name=\"woocommerce\/filled-cart-block\" class=\"wp-block-woocommerce-filled-cart-block\"><div data-block-name=\"woocommerce\/cart-items-block\" class=\"wp-block-woocommerce-cart-items-block\"><div data-block-name=\"woocommerce\/cart-line-items-block\" class=\"wp-block-woocommerce-cart-line-items-block\"><\/div>\n\n<div data-block-name=\"woocommerce\/cart-cross-sells-block\" class=\"wp-block-woocommerce-cart-cross-sells-block\">\n<h2 class=\"wp-block-heading has-large-font-size\">J\u016bs var\u0113tu interes\u0113t&#8230;<\/h2>\n\n\n<div data-block-name=\"woocommerce\/cart-cross-sells-products-block\" class=\"wp-block-woocommerce-cart-cross-sells-products-block\"><\/div><\/div><\/div>\n\n<div data-block-name=\"woocommerce\/cart-totals-block\" class=\"wp-block-woocommerce-cart-totals-block\"><div data-block-name=\"woocommerce\/cart-order-summary-block\" class=\"wp-block-woocommerce-cart-order-summary-block\"><div data-block-name=\"woocommerce\/cart-order-summary-heading-block\" class=\"wp-block-woocommerce-cart-order-summary-heading-block\"><\/div>\n\n<div data-block-name=\"woocommerce\/cart-order-summary-coupon-form-block\" class=\"wp-block-woocommerce-cart-order-summary-coupon-form-block\"><\/div>\n\n<div data-block-name=\"woocommerce\/cart-order-summary-subtotal-block\" class=\"wp-block-woocommerce-cart-order-summary-subtotal-block\"><\/div>\n\n<div data-block-name=\"woocommerce\/cart-order-summary-fee-block\" class=\"wp-block-woocommerce-cart-order-summary-fee-block\"><\/div>\n\n<div data-block-name=\"woocommerce\/cart-order-summary-discount-block\" class=\"wp-block-woocommerce-cart-order-summary-discount-block\"><\/div>\n\n<div data-block-name=\"woocommerce\/cart-order-summary-shipping-block\" class=\"wp-block-woocommerce-cart-order-summary-shipping-block\"><\/div>\n\n<div data-block-name=\"woocommerce\/cart-order-summary-taxes-block\" class=\"wp-block-woocommerce-cart-order-summary-taxes-block\"><\/div><\/div>\n\n<div data-block-name=\"woocommerce\/cart-express-payment-block\" class=\"wp-block-woocommerce-cart-express-payment-block\"><\/div>\n\n<div data-block-name=\"woocommerce\/proceed-to-checkout-block\" class=\"wp-block-woocommerce-proceed-to-checkout-block\"><\/div>\n\n<div data-block-name=\"woocommerce\/cart-accepted-payment-methods-block\" class=\"wp-block-woocommerce-cart-accepted-payment-methods-block\"><\/div><\/div><\/div>\n\n<div data-block-name=\"woocommerce\/empty-cart-block\" class=\"wp-block-woocommerce-empty-cart-block\">\n<h2 class=\"wp-block-heading has-text-align-center with-empty-cart-icon wc-block-cart__empty-cart__title\">J\u016bsu grozs \u0161obr\u012bd ir tuk\u0161s!<\/h2>\n\n\n\n<hr class=\"wp-block-separator has-alpha-channel-opacity is-style-dots\"\/>\n\n\n\n<h2 class=\"wp-block-heading has-text-align-center\">Jaunums veikal\u0101<\/h2>\n\n\n<div data-block-name=\"woocommerce\/product-new\" data-columns=\"4\" data-rows=\"1\" class=\"wc-block-grid wp-block-product-new wc-block-product-new has-4-columns\"><ul class=\"wc-block-grid__products\"><li class=\"wc-block-grid__product\">\n\t\t\t\t<a href=\"https:\/\/bizy.lv\/lv\/product\/nomierinoss-zema-ph-putojoss-tirisanas-lidzeklis\/\" class=\"wc-block-grid__product-link\">\n\t\t\t\t\t\n\t\t\t\t\t<div class=\"wc-block-grid__product-image\"><img fetchpriority=\"high\" decoding=\"async\" width=\"300\" height=\"300\" src=\"https:\/\/bizy.lv\/wp-content\/uploads\/2024\/05\/imgonline-com-ua-dexifDLLYP9byasSW-300x300.jpg\" class=\"attachment-woocommerce_thumbnail size-woocommerce_thumbnail\" alt=\"Nomierino\u0161s zema pH putojo\u0161s t\u012br\u012b\u0161anas l\u012bdzeklis\" srcset=\"https:\/\/bizy.lv\/wp-content\/uploads\/2024\/05\/imgonline-com-ua-dexifDLLYP9byasSW-300x300.jpg 300w, https:\/\/bizy.lv\/wp-content\/uploads\/2024\/05\/imgonline-com-ua-dexifDLLYP9byasSW-150x150.jpg 150w, https:\/\/bizy.lv\/wp-content\/uploads\/2024\/05\/imgonline-com-ua-dexifDLLYP9byasSW-768x768.jpg 768w, https:\/\/bizy.lv\/wp-content\/uploads\/2024\/05\/imgonline-com-ua-dexifDLLYP9byasSW-180x180.jpg 180w, https:\/\/bizy.lv\/wp-content\/uploads\/2024\/05\/imgonline-com-ua-dexifDLLYP9byasSW-46x46.jpg 46w, https:\/\/bizy.lv\/wp-content\/uploads\/2024\/05\/imgonline-com-ua-dexifDLLYP9byasSW-600x600.jpg 600w, https:\/\/bizy.lv\/wp-content\/uploads\/2024\/05\/imgonline-com-ua-dexifDLLYP9byasSW-100x100.jpg 100w, https:\/\/bizy.lv\/wp-content\/uploads\/2024\/05\/imgonline-com-ua-dexifDLLYP9byasSW-54x54.jpg 54w, https:\/\/bizy.lv\/wp-content\/uploads\/2024\/05\/imgonline-com-ua-dexifDLLYP9byasSW-310x310.jpg 310w, https:\/\/bizy.lv\/wp-content\/uploads\/2024\/05\/imgonline-com-ua-dexifDLLYP9byasSW-80x80.jpg 80w, https:\/\/bizy.lv\/wp-content\/uploads\/2024\/05\/imgonline-com-ua-dexifDLLYP9byasSW.jpg 1000w\" sizes=\"(max-width: 300px) 100vw, 300px\" \/><\/div>\n\t\t\t\t\t<div class=\"wc-block-grid__product-title\">Nomierino\u0161s zema pH putojo\u0161s t\u012br\u012b\u0161anas l\u012bdzeklis<\/div>\n\t\t\t\t<\/a>\n\t\t\t\t<div class=\"wc-block-grid__product-price price\"><span class=\"woocommerce-Price-amount amount\">13,40&nbsp;<span class=\"woocommerce-Price-currencySymbol\">&euro;<\/span><\/span><\/div>\n\t\t\t\t\n\t\t\t\t<div class=\"wp-block-button wc-block-grid__product-add-to-cart\"><a href=\"?add-to-cart=7382\" aria-label=\"Add to cart: &ldquo;Nomierino\u0161s zema pH putojo\u0161s t\u012br\u012b\u0161anas l\u012bdzeklis&rdquo;\" data-quantity=\"1\" data-product_id=\"7382\" data-product_sku=\"\" data-price=\"13.4\" rel=\"nofollow\" class=\"wp-block-button__link  add_to_cart_button ajax_add_to_cart\">Add to cart<\/a><\/div>\n\t\t\t<\/li><\/ul><\/div><\/div><\/div>","protected":false},"excerpt":{"rendered":"","protected":false},"author":1,"featured_media":0,"parent":0,"menu_order":0,"comment_status":"closed","ping_status":"closed","template":"","meta":{"footnotes":""},"jetpack_sharing_enabled":true,"_links":{"self":[{"href":"https:\/\/bizy.lv\/lv\/wp-json\/wp\/v2\/pages\/7362"}],"collection":[{"href":"https:\/\/bizy.lv\/lv\/wp-json\/wp\/v2\/pages"}],"about":[{"href":"https:\/\/bizy.lv\/lv\/wp-json\/wp\/v2\/types\/page"}],"author":[{"embeddable":true,"href":"https:\/\/bizy.lv\/lv\/wp-json\/wp\/v2\/users\/1"}],"replies":[{"embeddable":true,"href":"https:\/\/bizy.lv\/lv\/wp-json\/wp\/v2\/comments?post=7362"}],"version-history":[{"count":2,"href":"https:\/\/bizy.lv\/lv\/wp-json\/wp\/v2\/pages\/7362\/revisions"}],"predecessor-version":[{"id":7370,"href":"https:\/\/bizy.lv\/lv\/wp-json\/wp\/v2\/pages\/7362\/revisions\/7370"}],"wp:attachment":[{"href":"https:\/\/bizy.lv\/lv\/wp-json\/wp\/v2\/media?parent=7362"}],"curies":[{"name":"wp","href":"https:\/\/api.w.org\/{rel}","templated":true}]}}