{"id":7382,"date":"2024-05-15T11:08:16","date_gmt":"2024-05-15T11:08:16","guid":{"rendered":"https:\/\/bizy.lv\/product\/nomierinoss-zema-ph-putojoss-tirisanas-lidzeklis\/"},"modified":"2024-11-08T21:10:22","modified_gmt":"2024-11-08T21:10:22","slug":"nomierinoss-zema-ph-putojoss-tirisanas-lidzeklis","status":"publish","type":"product","link":"https:\/\/bizy.lv\/lv\/product\/nomierinoss-zema-ph-putojoss-tirisanas-lidzeklis\/","title":{"rendered":"Nomierino\u0161s zema pH putojo\u0161s t\u012br\u012b\u0161anas l\u012bdzeklis"},"content":{"rendered":"<p>Pyunkang Yul nomierino\u0161s maigs t\u012br\u012b\u0161anas l\u012bdzeklis &#8211; maigs risin\u0101jums jut\u012bgai \u0101dai. \u0160is att\u012bro\u0161ais l\u012bdzeklis, ko izstr\u0101d\u0101jusi Pyunkang Yul Austrumu medic\u012bnas kl\u012bnika, kas ir slavena ar savu 50 gadu pieredzi \u0101das kop\u0161an\u0101, ir veidots no r\u016bp\u012bgi atlas\u012bt\u0101m dab\u012bg\u0101m sast\u0101vda\u013c\u0101m, lai nomierin\u0101tu un nomierin\u0101tu iekaisu\u0161u \u0101du. T\u0101 sast\u0101vs ir maigs, ar zemu pH l\u012bmeni un dermatolo\u0123iski p\u0101rbaud\u012btu formulu, t\u0101p\u0113c tas nesatur kait\u012bgas vielas un nerada kairin\u0101jumu.<\/p>\n<p>T\u0101s bag\u0101t\u012bg\u0101 putu tekst\u016bra nodro\u0161ina perfektu att\u012br\u012b\u0161anu bez berzes, efekt\u012bvi likvid\u0113jot net\u012brumus un vienlaikus saglab\u0101jot \u0101das l\u012bdzsvaru un mitrin\u0101\u0161anu. Bag\u0101tin\u0101ts ar Centella Asiatica, t\u0113jas koka un Lonicera Japonica ziedu ekstraktiem, tas ir ide\u0101li piem\u0113rots jut\u012bgai \u0101dai, nodro\u0161inot maigu, bet efekt\u012bvu att\u012br\u012b\u0161anu un nomierino\u0161u iedarb\u012bbu.<\/p>\n<p>&nbsp;<\/p>\n","protected":false},"excerpt":{"rendered":"<p>Pyunkang Yul nomierino\u0161s maigs t\u012br\u012b\u0161anas l\u012bdzeklis &#8211; maigs risin\u0101jums jut\u012bgai \u0101dai. \u0160is att\u012bro\u0161ais l\u012bdzeklis, ko izstr\u0101d\u0101jusi Pyunkang Yul Austrumu medic\u012bnas kl\u012bnika, kas ir slavena ar savu 50 gadu pieredzi \u0101das kop\u0161an\u0101, ir veidots no r\u016bp\u012bgi atlas\u012bt\u0101m dab\u012bg\u0101m sast\u0101vda\u013c\u0101m, lai nomierin\u0101tu un nomierin\u0101tu iekaisu\u0161u \u0101du. T\u0101 sast\u0101vs ir maigs, ar zemu pH l\u012bmeni un dermatolo\u0123iski p\u0101rbaud\u012btu formulu, t\u0101p\u0113c nesatur kait\u012bgas vielas un nerada kairin\u0101jumu. T\u0101s bag\u0101t\u012bg\u0101 putu tekst\u016bra nodro\u0161ina perfektu att\u012br\u012b\u0161anu bez berzes, efekt\u012bvi likvid\u0113jot net\u012brumus un vienlaikus saglab\u0101jot \u0101das l\u012bdzsvaru un mitrin\u0101\u0161anu. Bag\u0101tin\u0101ts ar Centella Asiatica, t\u0113jas koka un Lonicera Japonica ziedu ekstraktiem, tas ir ide\u0101li piem\u0113rots jut\u012bgai \u0101dai, nodro\u0161inot maigu, bet efekt\u012bvu att\u012br\u012b\u0161anu un nomierino\u0161u iedarb\u012bbu. Izbaudiet komfortu un r\u016bpes ar Pyunkang Yul nomierino\u0161o maigo t\u012br\u012b\u0161anas l\u012bdzekli.<\/p>\n","protected":false},"featured_media":7336,"comment_status":"open","ping_status":"closed","template":"","meta":[],"product_cat":[192,194],"product_tag":[],"jetpack_sharing_enabled":true,"_links":{"self":[{"href":"https:\/\/bizy.lv\/lv\/wp-json\/wp\/v2\/product\/7382"}],"collection":[{"href":"https:\/\/bizy.lv\/lv\/wp-json\/wp\/v2\/product"}],"about":[{"href":"https:\/\/bizy.lv\/lv\/wp-json\/wp\/v2\/types\/product"}],"replies":[{"embeddable":true,"href":"https:\/\/bizy.lv\/lv\/wp-json\/wp\/v2\/comments?post=7382"}],"wp:featuredmedia":[{"embeddable":true,"href":"https:\/\/bizy.lv\/lv\/wp-json\/wp\/v2\/media\/7336"}],"wp:attachment":[{"href":"https:\/\/bizy.lv\/lv\/wp-json\/wp\/v2\/media?parent=7382"}],"wp:term":[{"taxonomy":"product_cat","embeddable":true,"href":"https:\/\/bizy.lv\/lv\/wp-json\/wp\/v2\/product_cat?post=7382"},{"taxonomy":"product_tag","embeddable":true,"href":"https:\/\/bizy.lv\/lv\/wp-json\/wp\/v2\/product_tag?post=7382"}],"curies":[{"name":"wp","href":"https:\/\/api.w.org\/{rel}","templated":true}]}}